{"id":6380,"date":"2024-07-25T12:05:31","date_gmt":"2024-07-25T11:05:31","guid":{"rendered":"https:\/\/itmedical.ma\/?post_type=product&#038;p=6380"},"modified":"2024-07-25T12:05:31","modified_gmt":"2024-07-25T11:05:31","slug":"consulting-biomedical-projet-hospitalier","status":"publish","type":"product","link":"https:\/\/itmedical.ma\/index.php\/produit\/consulting-biomedical-projet-hospitalier\/","title":{"rendered":"CONSULTING BIOMEDICAL PROJET HOSPITALIER"},"content":{"rendered":"<p class=\"text-align-justify\">La mission principale est d\u2019assurer l\u2019\u00e9quipement d\u2019un centre hospitalier, avec des appareils et du mat\u00e9riel de qualit\u00e9, permettant de garantir la bonne r\u00e9alisation des soins et examens : Imagerie M\u00e9dical, Bloc Op\u00e9ratoire, Reanimation, Consultation et hospitalisation.<\/p>\n<p class=\"text-align-justify\">on est charg\u00e9 de choisir les diff\u00e9rents appareils (qualit\u00e9, Prix) en accord avec le direction d&rsquo;organisme, d\u2019assurer leur entretien et leur maintenance et de former le personnel \u00e0 leur utilisation.<\/p>\n<p class=\"text-align-justify\">actualisation du parc mat\u00e9riel et permettrant aux \u00e9quipes m\u00e9dicales d\u2019apporter les meilleurs soins possibles aux patients, avec assurance de la veille technologique et r\u00e9glementaire.<\/p>\n<p class=\"text-align-justify\">\n<ul>\n<li class=\"text-align-justify\">L\u2019\u00e9tude et la conception de mat\u00e9riaux, appareils et instruments m\u00e9dicaux,<\/li>\n<li class=\"text-align-justify\">L\u2019installation et la maintenance des \u00e9quipements m\u00e9dicaux,<\/li>\n<li class=\"text-align-justify\">La formation \u00e0 l\u2019utilisation des produits et du mat\u00e9riel m\u00e9dical,<\/li>\n<li class=\"text-align-justify\">La r\u00e9daction de documents techniques (manuels d\u2019utilisation, rapports\u2026).<\/li>\n<li>suivi un projet hospitalier<\/li>\n<\/ul>\n","protected":false},"excerpt":{"rendered":"<p>La mission principale est d\u2019assurer l\u2019\u00e9quipement d\u2019un centre hospitalier, avec&#8230;<\/p>\n","protected":false},"featured_media":6384,"template":"","meta":[],"product_cat":[41],"product_tag":[],"jetpack_sharing_enabled":true,"_links":{"self":[{"href":"https:\/\/itmedical.ma\/index.php\/wp-json\/wp\/v2\/product\/6380"}],"collection":[{"href":"https:\/\/itmedical.ma\/index.php\/wp-json\/wp\/v2\/product"}],"about":[{"href":"https:\/\/itmedical.ma\/index.php\/wp-json\/wp\/v2\/types\/product"}],"wp:featuredmedia":[{"embeddable":true,"href":"https:\/\/itmedical.ma\/index.php\/wp-json\/wp\/v2\/media\/6384"}],"wp:attachment":[{"href":"https:\/\/itmedical.ma\/index.php\/wp-json\/wp\/v2\/media?parent=6380"}],"wp:term":[{"taxonomy":"product_cat","embeddable":true,"href":"https:\/\/itmedical.ma\/index.php\/wp-json\/wp\/v2\/product_cat?post=6380"},{"taxonomy":"product_tag","embeddable":true,"href":"https:\/\/itmedical.ma\/index.php\/wp-json\/wp\/v2\/product_tag?post=6380"}],"curies":[{"name":"wp","href":"https:\/\/api.w.org\/{rel}","templated":true}]}}