{"id":6197,"date":"2023-12-26T07:50:21","date_gmt":"2023-12-26T06:50:21","guid":{"rendered":"https:\/\/itmedical.ma\/?post_type=product&#038;p=6197"},"modified":"2023-12-26T07:50:21","modified_gmt":"2023-12-26T06:50:21","slug":"faux-plafond-medical-et-medical-traite","status":"publish","type":"product","link":"https:\/\/itmedical.ma\/index.php\/produit\/faux-plafond-medical-et-medical-traite\/","title":{"rendered":"Faux plafond medical et medical trait\u00e9"},"content":{"rendered":"<p>Entreprise sp\u00e9cialis\u00e9e au Maroc dans la mise en place de faux-plafonds Armstrong et l&rsquo;installation de plafonds acoustiques, ITM a consolid\u00e9 sa position en tant que leader national gr\u00e2ce \u00e0 une exp\u00e9rience approfondie dans la pose et la commercialisation de plafonds suspendus et de rev\u00eatements de sol. La gamme diversifi\u00e9e de Faux plafonds Armstrong au Maroc englobe des dalles de pl\u00e2tre min\u00e9rales et acoustiques, des plafonds \u00e0 changement de phase, ainsi que des panneaux de plafonds.<\/p>\n<p>Pose de Faux Plafond Suspendu Armstrong au Maroc<\/p>\n<p>Si vous recherchez une installation de faux plafond Armstrong de qualit\u00e9 au Maroc, il est essentiel de faire appel \u00e0 un professionnel comp\u00e9tent. La mise en place d&rsquo;un faux plafond suspendu est une op\u00e9ration d\u00e9licate qui exige un v\u00e9ritable savoir-faire, afin d&rsquo;\u00e9viter tout risque que le ciel ne vous tombe sur la t\u00eate. Dans ce contexte, le sp\u00e9cialiste \u00e0 contacter est un staffeur ou un pl\u00e2trier-plaquiste.<\/p>\n<p>&nbsp;<\/p>\n","protected":false},"excerpt":{"rendered":"<p><img loading=\"lazy\" decoding=\"async\" class=\"alignnone  wp-image-6206\" src=\"https:\/\/itmedical.ma\/wp-content\/uploads\/2023\/12\/resojpeg_5ace10e2837b9-300x112.jpeg\" alt=\"\" width=\"185\" height=\"69\" srcset=\"https:\/\/itmedical.ma\/wp-content\/uploads\/2023\/12\/resojpeg_5ace10e2837b9-300x112.jpeg 300w, https:\/\/itmedical.ma\/wp-content\/uploads\/2023\/12\/resojpeg_5ace10e2837b9.jpeg 367w\" sizes=\"(max-width: 185px) 100vw, 185px\" \/><\/p>\n<p><strong>Fourniture et Pose faux plafond M\u00e9dical et acoustiques\u00a0<\/strong><\/p>\n","protected":false},"featured_media":6198,"template":"","meta":[],"product_cat":[41,50,56],"product_tag":[],"jetpack_sharing_enabled":true,"_links":{"self":[{"href":"https:\/\/itmedical.ma\/index.php\/wp-json\/wp\/v2\/product\/6197"}],"collection":[{"href":"https:\/\/itmedical.ma\/index.php\/wp-json\/wp\/v2\/product"}],"about":[{"href":"https:\/\/itmedical.ma\/index.php\/wp-json\/wp\/v2\/types\/product"}],"wp:featuredmedia":[{"embeddable":true,"href":"https:\/\/itmedical.ma\/index.php\/wp-json\/wp\/v2\/media\/6198"}],"wp:attachment":[{"href":"https:\/\/itmedical.ma\/index.php\/wp-json\/wp\/v2\/media?parent=6197"}],"wp:term":[{"taxonomy":"product_cat","embeddable":true,"href":"https:\/\/itmedical.ma\/index.php\/wp-json\/wp\/v2\/product_cat?post=6197"},{"taxonomy":"product_tag","embeddable":true,"href":"https:\/\/itmedical.ma\/index.php\/wp-json\/wp\/v2\/product_tag?post=6197"}],"curies":[{"name":"wp","href":"https:\/\/api.w.org\/{rel}","templated":true}]}}